{"id":4838,"date":"2020-01-10T21:28:50","date_gmt":"2020-01-10T20:28:50","guid":{"rendered":"http:\/\/www.kmnslovakia.eu\/?page_id=4838"},"modified":"2020-03-04T14:20:07","modified_gmt":"2020-03-04T13:20:07","slug":"profil-spolocnosti","status":"publish","type":"page","link":"https:\/\/www.kmnslovakia.eu\/en\/profil-spolocnosti\/","title":{"rendered":"Company profile"},"content":{"rendered":"<div id=\"skt-builder-image-text-block-127\" class=\"skt-builder-block-wrapper skt-builder-image-text-block skt-builder-image-text-block-127\" style=\"background-color: #ffffff; background-image: url(); padding-bottom: 50px; padding-top: 60px; \">\r\n\t<div class=\"skt-builder-block-inner skt-builder-block-inner-127\" style=\"\">\r\n\t\t<div class=\"skt-builder-container\">\r\n\t\t\t<div class=\"skt-builder-columns-row skt-builder-columns-row-2column\">\r\n\t\t\t\t\t<div class=\"skt-builder-column\">\r\n\t\t\t\t\t\t\t<div class=\"skt-builder-column-inner\"><h3>We're an engineering company with a 24-year tradition.<\/h3><h3><br><\/h3><h3><br><\/h3><p><strong style=\"color: black; background-color: rgb(253, 253, 253);\">We provide complex services:<\/strong><\/p><ul><li>in the field of preparation, technical security, production and mounting of components for fixtures for automotive and general industry<\/li><li>production of replacement parts for ground and construction machines<\/li><li>production of replacement parts for forming and machining machines<\/li><\/ul><h2><br><\/h2><\/div>\r\n\t\t\t\t\t<\/div>\r\n\t\t\t\t\t<div class=\"skt-builder-column\">\r\n\t\t\t\t\t\t\t<div class=\"skt-builder-column-inner\"><img decoding=\"async\" src=\"http:\/\/www.kmnslovakia.eu\/wp-content\/uploads\/2020\/02\/slide_new_01.jpg\"><\/div>\r\n\t\t\t\t\t<\/div>\r\n\t\t\t<\/div>\r\n\t\t<\/div>\r\n\t<\/div>\r\n<\/div>\r\n<div id=\"home-section3-block-31\" class=\"skt-builder-block-wrapper skt-builder-home-section3-block skt-builder-home-section3-block-31\" style=\"background-color: #fff; background-image: url(); padding-bottom: 40px; padding-top: 80px; \">\r\n\t<div class=\"skt-builder-block-inner skt-builder-block-inner-31\" style=\"\">\r\n\t\t<div class=\"skt-builder-container\">\r\n        \t<style>\r\n            \t.skt-builder-home-section3-block-31 .skt-builder-block-button{background:#ffba00; color: #fff;}\r\n\t\t\t\t.skt-builder-home-section3-block-31 .skt-builder-block-button:hover{background: #222222; color: #fff;}\r\n\t\t\t\t.skt-builder-home-section3-block-31::before{background:#ffba00;}\r\n            <\/style>\r\n\t\t\t<div class=\"skt-builder-columns-row skt-builder-columns-row-2column\">\r\n                \t<div class=\"skt-builder-column column-content\">\r\n\t\t\t\t\t\t\t<div class=\"skt-builder-block-title\" style=\"text-align: left;\">\r\n                                <h2 style=\"color: #131c3b; font-size: 48px; margin-bottom: 25px; text-align: left;\"><small style=\"color:#ffba00; font-size:0px; margin-bottom:0px;\"><\/small>The goal <\/h2>\r\n                                \r\n                            <\/div>\r\n\t\t\t\t\t\t\t<div class=\"skt-builder-column-inner\">\r\n                            \t<p>of our company is a customer oriented approach. We place maximum emphasis on the quality and fulfillment of required delivery dates. To achieve the goals of our company, we make use of team of professionals, our skills and experiences from a long-term practice. &nbsp;<\/p><p>We have our own manufacturing areas, energy sources and low overhead costs.<\/p>\r\n                                \r\n            \r\n                            <\/div>\r\n\t\t\t\t\t<\/div>\r\n\t\t\t\t\t<div class=\"skt-builder-column column-video\">\r\n                    <a href=\"#\" class=\"modal-trigger\" data-modal=\"modal-name\"><img decoding=\"async\" class=\"skt-builder-home-section3-block-img\" src=\"http:\/\/www.kmnslovakia.eu\/wp-content\/uploads\/2020\/01\/referencie_06-1.jpg\"><\/a>\r\n                        <div class=\"modal\" id=\"modal-name\">\r\n                          <div class=\"modal-sandbox\"><\/div>\r\n                          <div class=\"modal-box\">\r\n                            <div class=\"modal-body\">\r\n                              <div class=\"close-modal\">&#10006;<\/div> \r\n                              <iframe loading=\"lazy\" width=\"100%\" height=\"450\" src=\"\" frameborder=\"0\" allow=\"accelerometer; autoplay; encrypted-media; gyroscope; picture-in-picture\" allowfullscreen><\/iframe>\r\n                            <\/div>\r\n                          <\/div>\r\n                        <\/div>\r\n\t\t\t\t\t<\/div>\r\n\t\t\t<\/div>\r\n\t\t<\/div>\r\n\t<\/div>\r\n<\/div>\r\n\r\n<script>\r\njQuery(document).ready(function() {\r\n    jQuery('p').each(function() {\r\n        var $this = jQuery(this);\r\n        if($this.html().replace(\/s|&nbsp;\/g, '').length == 0) {\r\n            $this.remove();\r\n        }\r\n    });\r\n});\r\n\r\njQuery(document).ready(function() {\r\n    jQuery('p').each(function() {\r\n        var $this = jQuery(this);\r\n        if($this.html().replace(\/s|<br>\/g, '').length == 0) {\r\n            $this.remove();\r\n        }\r\n    });\r\n});\r\n<\/script>\r\n\r\n<script>\r\njQuery(\".modal-trigger\").click(function(e){\r\n  e.preventDefault();\r\n  dataModal = jQuery(this).attr(\"data-modal\");\r\n  jQuery(\"#\" + dataModal).css({\"display\":\"block\"});\r\n  \/\/ $(\"body\").css({\"overflow-y\": \"hidden\"}); \/\/Prevent double scrollbar.\r\n});\r\n\r\njQuery(\".close-modal, .modal-sandbox\").click(function(){\r\n  jQuery(\".modal\").css({\"display\":\"none\"});\r\n  \/\/ $(\"body\").css({\"overflow-y\": \"auto\"}); \/\/Prevent double scrollbar.\r\n});\r\n<\/script>    <!-- sktbuilder starter --><script type=\"text\/javascript\" src=\"https:\/\/www.kmnslovakia.eu\/wp-content\/plugins\/skt-builder\/sktbuilder\/sktbuilder-frontend-starter.js\"><\/script><script type=\"text\/javascript\" src=\"https:\/\/www.kmnslovakia.eu\/wp-content\/plugins\/skt-builder\/sktbuilder-wordpress-driver.js\"><\/script><script type=\"text\/javascript\"> var starter = new SktbuilderStarter({\"mode\": \"prod\", \"skip\":[\"jquery\",\"underscore\",\"backbone\"],\"sktbuilderUrl\": \"https:\/\/www.kmnslovakia.eu\/wp-content\/plugins\/skt-builder\/sktbuilder\/\", \"driver\": new SktbuilderWordpressDriver({\"ajaxUrl\": \"https:\/\/www.kmnslovakia.eu\/wp-admin\/admin-ajax.php\", \"iframeUrl\": \"https:\/\/www.kmnslovakia.eu\/en\/profil-spolocnosti\/?sktbuilder=true\", \"pageId\": 4838, \"pages\": [{\"title\":\"No title\",\"url\":\"https:\\\/\\\/www.kmnslovakia.eu\\\/wp-admin\\\/post.php?post=4815&action=sktbuilder\"},{\"title\":\"V\\u00fdrobn\\u00fd program\",\"url\":\"https:\\\/\\\/www.kmnslovakia.eu\\\/wp-admin\\\/post.php?post=4840&action=sktbuilder\"},{\"title\":\"Referencie\",\"url\":\"https:\\\/\\\/www.kmnslovakia.eu\\\/wp-admin\\\/post.php?post=4842&action=sktbuilder\"},{\"title\":\"Kontakty\",\"url\":\"https:\\\/\\\/www.kmnslovakia.eu\\\/wp-admin\\\/post.php?post=4844&action=sktbuilder\"}], \"page\": \"Profil spolo\u010dnosti\" }) });<\/script><!-- end sktbuilder starter -->","protected":false},"excerpt":{"rendered":"<p>Sme stroj\u00e1rskou spolo\u010dnos\u0165ou s&nbsp;24 ro\u010dnou trad\u00edciou.Poskytujeme komplexn\u00e9 slu\u017eby:v&nbsp;oblasti pr\u00edpravy, technick\u00e9ho zabezpe\u010denia,&nbsp;v\u00fdroby a&nbsp;mont\u00e1\u017ee&nbsp;komponentov pre pr\u00edpravky pre automobilov\u00fd a&nbsp;v\u0161eobecn\u00fd priemyselv\u00fdroba n\u00e1hradn\u00fdch dielov pre zemn\u00e9 a&nbsp;stavebn\u00e9 strojev\u00fdroba n\u00e1hradn\u00fdch dielov pre tv\u00e1rniace a&nbsp;obr\u00e1bacie stroje Cie\u013eom na\u0161ej spolo\u010dnosti&nbsp;je z\u00e1kazn\u00edcky orientovan\u00fd pr\u00edstup. Kladieme maxim\u00e1lny d\u00f4raz na kvalitu a plnenie po\u017eadovan\u00fdch dodac\u00edch term\u00ednov. K&nbsp;dosiahnutiu cie\u013eov na\u0161ej spolo\u010dnosti&nbsp;vyu\u017e\u00edvame t\u00edm profesion\u00e1lov, na\u0161e znalosti a&nbsp;sk\u00fasenosti<br \/><a class=\"moretag\" href=\"https:\/\/www.kmnslovakia.eu\/en\/profil-spolocnosti\/\">+ Read More<\/a><\/p>","protected":false},"author":1,"featured_media":0,"parent":0,"menu_order":0,"comment_status":"closed","ping_status":"closed","template":"templates\/page-fullwidth_template.php","meta":{"footnotes":""},"class_list":["post-4838","page","type-page","status-publish","hentry"],"_links":{"self":[{"href":"https:\/\/www.kmnslovakia.eu\/en\/wp-json\/wp\/v2\/pages\/4838","targetHints":{"allow":["GET"]}}],"collection":[{"href":"https:\/\/www.kmnslovakia.eu\/en\/wp-json\/wp\/v2\/pages"}],"about":[{"href":"https:\/\/www.kmnslovakia.eu\/en\/wp-json\/wp\/v2\/types\/page"}],"author":[{"embeddable":true,"href":"https:\/\/www.kmnslovakia.eu\/en\/wp-json\/wp\/v2\/users\/1"}],"replies":[{"embeddable":true,"href":"https:\/\/www.kmnslovakia.eu\/en\/wp-json\/wp\/v2\/comments?post=4838"}],"version-history":[{"count":14,"href":"https:\/\/www.kmnslovakia.eu\/en\/wp-json\/wp\/v2\/pages\/4838\/revisions"}],"predecessor-version":[{"id":5194,"href":"https:\/\/www.kmnslovakia.eu\/en\/wp-json\/wp\/v2\/pages\/4838\/revisions\/5194"}],"wp:attachment":[{"href":"https:\/\/www.kmnslovakia.eu\/en\/wp-json\/wp\/v2\/media?parent=4838"}],"curies":[{"name":"wp","href":"https:\/\/api.w.org\/{rel}","templated":true}]}}