{"id":4840,"date":"2020-01-10T21:29:16","date_gmt":"2020-01-10T20:29:16","guid":{"rendered":"http:\/\/www.kmnslovakia.eu\/?page_id=4840"},"modified":"2020-03-04T14:26:18","modified_gmt":"2020-03-04T13:26:18","slug":"vyrobny-program","status":"publish","type":"page","link":"https:\/\/www.kmnslovakia.eu\/en\/vyrobny-program\/","title":{"rendered":"Production"},"content":{"rendered":"<div id=\"skt-builder-content-block-31\" class=\"skt-builder-block-wrapper skt-builder-content-block skt-builder-content-block-31\" style=\"background-color: #ffffff; background-image: url(); padding-bottom: 0px; padding-top: 46px; \">\r\n\t<div class=\"skt-builder-block-inner skt-builder-block-inner-31\" style=\"\">\r\n\t\t<div class=\"skt-builder-container\">\r\n        \t<style>\r\n            \t.skt-builder-content-block-31 .skt-builder-block-column-button{background-color: #ffffff; color: #ffffff;}\r\n\t\t\t\t.skt-builder-content-block-31 .skt-builder-block-column-button:hover{background-color: #282828; color: #ffffff;}\r\n            <\/style>\r\n                <div class=\"skt-builder-block-description\"><p><strong>We offer a wide portfolio of production of final components including surface treatment for our partners.<\/strong><\/p><p><strong>We offer cooperation and many years of experience of our employees in production.&nbsp;<\/strong><\/p><\/div>\r\n            \r\n\t\t\t<div class=\"skt-builder-columns-row skt-builder-columns-row-2column\">\r\n            \t<div class=\"skt-builder-column\">\r\n                \t<img decoding=\"async\" class=\"skt-builder-content-block-column-image\" src=\"http:\/\/www.kmnslovakia.eu\/wp-content\/uploads\/2020\/03\/img_content_vyroba.jpg\">\r\n                    <h3 class=\"skt-builder-content-block-column-title\" style=\"color: #282828;\"><\/h3>\r\n                    <div class=\"skt-builder-content-block-column-description\"><h4>In the case of interest in cooperation, please forward the models, optionally drawing documentation to price in the form of an e-mail or by means of the contact form.<\/h4><\/div>\r\n                    <a class=\"skt-builder-block-column-button\" href=\"\" ><\/a>\r\n                <\/div>\r\n                <div class=\"skt-builder-column\">\r\n                            <div class=\"skt-builder-content-column skt-builder-content-column-33\">\r\n                                <style>\r\n                                    .skt-builder-content-column-33 .skt-builder-content-column-title a:hover{color: #84dcc6 !important;}\r\n                                <\/style>\r\n                                <div class=\"skt-builder-column-inner\">\r\n                                    <a href=\"\" ><img decoding=\"async\" class=\"skt-builder-content-column-image\" src=\"http:\/\/www.kmnslovakia.eu\/wp-content\/uploads\/2020\/01\/vyroba_referencie_02-1.jpg\"><\/a>\r\n                                    <div class=\"skt-builder-content-column-info\">\r\n                                        <h3 class=\"skt-builder-content-column-title\"><a href=\"\" style=\"color: #282828;\" >Production of components for automotive and general industry   <\/a><\/h3>\r\n                                        <span class=\"skt-builder-content-column-price\" style=\"color: ;\"><\/span>\r\n                                    <\/div>\r\n                                    <div class=\"skt-builder-content-column-description\" style=\"color: #808b98;\"><p>Development, manufacturing of components for automotive and general industry<\/p><\/div>\r\n                                <\/div>\r\n                            <\/div>\r\n                            <div class=\"skt-builder-content-column skt-builder-content-column-37\">\r\n                                <style>\r\n                                    .skt-builder-content-column-37 .skt-builder-content-column-title a:hover{color: #84dcc6 !important;}\r\n                                <\/style>\r\n                                <div class=\"skt-builder-column-inner\">\r\n                                    <a href=\"\" ><img decoding=\"async\" class=\"skt-builder-content-column-image\" src=\"http:\/\/www.kmnslovakia.eu\/wp-content\/uploads\/2020\/01\/vyrobny_program_01.jpg\"><\/a>\r\n                                    <div class=\"skt-builder-content-column-info\">\r\n                                        <h3 class=\"skt-builder-content-column-title\"><a href=\"\" style=\"color: #282828;\" >We provide the assembly of fixtures from manufactured components.<\/a><\/h3>\r\n                                        <span class=\"skt-builder-content-column-price\" style=\"color: ;\"><\/span>\r\n                                    <\/div>\r\n                                    <div class=\"skt-builder-content-column-description\" style=\"color: #808b98;\"><p>We provide not only the production, but also mounting of fixtures for automotive industry<\/p><\/div>\r\n                                <\/div>\r\n                            <\/div>\r\n                            <div class=\"skt-builder-content-column skt-builder-content-column-40\">\r\n                                <style>\r\n                                    .skt-builder-content-column-40 .skt-builder-content-column-title a:hover{color: #f58231 !important;}\r\n                                <\/style>\r\n                                <div class=\"skt-builder-column-inner\">\r\n                                    <a href=\"\" ><img decoding=\"async\" class=\"skt-builder-content-column-image\" src=\"http:\/\/www.kmnslovakia.eu\/wp-content\/uploads\/2020\/02\/lopatky_web.jpg\"><\/a>\r\n                                    <div class=\"skt-builder-content-column-info\">\r\n                                        <h3 class=\"skt-builder-content-column-title\"><a href=\"\" style=\"color: #282828;\" >Production of replacement parts for ground and construction machines <\/a><\/h3>\r\n                                        <span class=\"skt-builder-content-column-price\" style=\"color: ;\"><\/span>\r\n                                    <\/div>\r\n                                    <div class=\"skt-builder-content-column-description\" style=\"color: #808b98;\"><p>Production of replacement parts for ground and construction equipment KOMATSU.<\/p><\/div>\r\n                                <\/div>\r\n                            <\/div>\r\n                            <div class=\"skt-builder-content-column skt-builder-content-column-43\">\r\n                                <style>\r\n                                    .skt-builder-content-column-43 .skt-builder-content-column-title a:hover{color: #84dcc6 !important;}\r\n                                <\/style>\r\n                                <div class=\"skt-builder-column-inner\">\r\n                                    <a href=\"\" ><img decoding=\"async\" class=\"skt-builder-content-column-image\" src=\"http:\/\/www.kmnslovakia.eu\/wp-content\/uploads\/2020\/01\/vyrobny_program_02.jpg\"><\/a>\r\n                                    <div class=\"skt-builder-content-column-info\">\r\n                                        <h3 class=\"skt-builder-content-column-title\"><a href=\"\" style=\"color: #282828;\" >Production of replacement parts for forming and machining machines<\/a><\/h3>\r\n                                        <span class=\"skt-builder-content-column-price\" style=\"color: ;\"><\/span>\r\n                                    <\/div>\r\n                                    <div class=\"skt-builder-content-column-description\" style=\"color: #808b98;\"><p>Contact us through the contact form for more information.<\/p><\/div>\r\n                                <\/div>\r\n                            <\/div>\r\n                <\/div>\r\n            <\/div>\r\n\r\n\t\t<\/div>\r\n\t<\/div>\r\n<\/div>\r\n<div id=\"skt-builder-shortcode-block-133\" class=\"skt-builder-block-wrapper skt-builder-shortcode-block skt-builder-shortcode-block-133\" style=\"background-color: #ffffff; background-image: url(); padding-bottom: 50px; padding-top: 60px; \">\r\n\t<div class=\"skt-builder-block-inner skt-builder-block-inner-133\" style=\"\">\r\n\t\t<div class=\"skt-builder-container\">\r\n\t\t\t\t<div class=\"skt-builder-block-title\">\r\n\t\t\t\t\t<h2 style=\"color: #282828; text-align: left;\">Contact form<\/h2>\r\n\t\t\t\t<\/div>\r\n                <div class=\"skt-builder-block-description\"><p>In case of interest in cooperation, please contact us using the following form:<\/p><\/div>\r\n\t\t\t\t<div class=\"skt-builder-shortcode\"><p>\n<div class=\"wpcf7 no-js\" id=\"wpcf7-f5080-o1\" lang=\"sk-SK\" dir=\"ltr\" data-wpcf7-id=\"5080\">\n<div class=\"screen-reader-response\"><p role=\"status\" aria-live=\"polite\" aria-atomic=\"true\"><\/p> <ul><\/ul><\/div>\n<form action=\"\/en\/wp-json\/wp\/v2\/pages\/4840#wpcf7-f5080-o1\" method=\"post\" class=\"wpcf7-form init\" aria-label=\"Contact form\" enctype=\"multipart\/form-data\" novalidate=\"novalidate\" data-status=\"init\" data-trp-original-action=\"\/en\/wp-json\/wp\/v2\/pages\/4840#wpcf7-f5080-o1\">\n<fieldset class=\"hidden-fields-container\"><input type=\"hidden\" name=\"_wpcf7\" value=\"5080\" \/><input type=\"hidden\" name=\"_wpcf7_version\" value=\"6.1.3\" \/><input type=\"hidden\" name=\"_wpcf7_locale\" value=\"sk_SK\" \/><input type=\"hidden\" name=\"_wpcf7_unit_tag\" value=\"wpcf7-f5080-o1\" \/><input type=\"hidden\" name=\"_wpcf7_container_post\" value=\"0\" \/><input type=\"hidden\" name=\"_wpcf7_posted_data_hash\" value=\"\" \/>\n<\/fieldset>\n<p><label>Company name(required)<br \/>\n<span class=\"wpcf7-form-control-wrap\" data-name=\"your-name\"><input size=\"40\" maxlength=\"400\" class=\"wpcf7-form-control wpcf7-text wpcf7-validates-as-required\" aria-required=\"true\" aria-invalid=\"false\" value=\"\" type=\"text\" name=\"your-name\" \/><\/span> <\/label>\n<\/p>\n<p><label>Contact person<br \/>\n<span class=\"wpcf7-form-control-wrap\" data-name=\"text-157\"><input size=\"40\" maxlength=\"400\" class=\"wpcf7-form-control wpcf7-text wpcf7-validates-as-required\" aria-required=\"true\" aria-invalid=\"false\" value=\"\" type=\"text\" name=\"text-157\" \/><\/span><\/label>\n<\/p>\n<p><label> Your e-mail (required)<br \/>\n<span class=\"wpcf7-form-control-wrap\" data-name=\"your-email\"><input size=\"40\" maxlength=\"400\" class=\"wpcf7-form-control wpcf7-email wpcf7-validates-as-required wpcf7-text wpcf7-validates-as-email\" aria-required=\"true\" aria-invalid=\"false\" value=\"\" type=\"email\" name=\"your-email\" \/><\/span> <\/label>\n<\/p>\n<p><label>Attach file<br \/>\n<span class=\"wpcf7-form-control-wrap\" data-name=\"subor\"><input size=\"40\" class=\"wpcf7-form-control wpcf7-file\" accept=\"audio\/*,video\/*,image\/*\" aria-invalid=\"false\" type=\"file\" name=\"subor\" \/><\/span><\/label>\n<\/p>\n<p><label> Your message<br \/>\n<span class=\"wpcf7-form-control-wrap\" data-name=\"your-message\"><textarea cols=\"40\" rows=\"10\" maxlength=\"2000\" class=\"wpcf7-form-control wpcf7-textarea\" aria-invalid=\"false\" name=\"your-message\"><\/textarea><\/span> <\/label>\n<\/p>\n<p><input class=\"wpcf7-form-control wpcf7-submit has-spinner\" type=\"submit\" value=\"Send\" \/>\n<\/p><div class=\"wpcf7-response-output\" aria-hidden=\"true\"><\/div>\n<input type=\"hidden\" name=\"trp-form-language\" value=\"en\"\/><\/form>\n<\/div>\n<\/p><\/div>\r\n\t\t<\/div>\r\n\t<\/div>\r\n<\/div>    <!-- sktbuilder starter --><script type=\"text\/javascript\" src=\"https:\/\/www.kmnslovakia.eu\/wp-content\/plugins\/skt-builder\/sktbuilder\/sktbuilder-frontend-starter.js\"><\/script><script type=\"text\/javascript\" src=\"https:\/\/www.kmnslovakia.eu\/wp-content\/plugins\/skt-builder\/sktbuilder-wordpress-driver.js\"><\/script><script type=\"text\/javascript\"> var starter = new SktbuilderStarter({\"mode\": \"prod\", \"skip\":[\"jquery\",\"underscore\",\"backbone\"],\"sktbuilderUrl\": \"https:\/\/www.kmnslovakia.eu\/wp-content\/plugins\/skt-builder\/sktbuilder\/\", \"driver\": new SktbuilderWordpressDriver({\"ajaxUrl\": \"https:\/\/www.kmnslovakia.eu\/wp-admin\/admin-ajax.php\", \"iframeUrl\": \"https:\/\/www.kmnslovakia.eu\/en\/vyrobny-program\/?sktbuilder=true\", \"pageId\": 4840, \"pages\": [{\"title\":\"No title\",\"url\":\"https:\\\/\\\/www.kmnslovakia.eu\\\/wp-admin\\\/post.php?post=4815&action=sktbuilder\"},{\"title\":\"Profil spolo\\u010dnosti\",\"url\":\"https:\\\/\\\/www.kmnslovakia.eu\\\/wp-admin\\\/post.php?post=4838&action=sktbuilder\"},{\"title\":\"Referencie\",\"url\":\"https:\\\/\\\/www.kmnslovakia.eu\\\/wp-admin\\\/post.php?post=4842&action=sktbuilder\"},{\"title\":\"Kontakty\",\"url\":\"https:\\\/\\\/www.kmnslovakia.eu\\\/wp-admin\\\/post.php?post=4844&action=sktbuilder\"}], \"page\": \"V\u00fdrobn\u00fd program\" }) });<\/script><!-- end sktbuilder starter -->","protected":false},"excerpt":{"rendered":"<p>Pre na\u0161ich partnerov pon\u00fakame \u0161irok\u00e9 portf\u00f3lio v\u00fdroby fin\u00e1lnych komponentov vr\u00e1tane povrchovej \u00fapravy.Pri v\u00fdrobe pon\u00fakame spolupr\u00e1cu a&nbsp;dlhoro\u010dn\u00e9 sk\u00fasenosti na\u0161ich zamestnancov.&nbsp; V&nbsp;pr\u00edpade z\u00e1ujmu o&nbsp;spolupr\u00e1cu, pros\u00edm o&nbsp;preposlanie modelov popr. v\u00fdkresovej dokument\u00e1cie k&nbsp;naceneniu formou emailu popr. prostredn\u00edctvom kontaktn\u00e9ho formul\u00e1ru. V\u00fdroba komponentov pre automobilov\u00fd a v\u0161eobecn\u00fd priemysel V\u00fdvoj, v\u00fdroba komponentov pre automobilov\u00fd a&nbsp;v\u0161eobecn\u00fd priemysel Zabezpe\u010dujeme mont\u00e1\u017e pr\u00edpravkov z vyroben\u00fdch komponentov<br \/><a class=\"moretag\" href=\"https:\/\/www.kmnslovakia.eu\/en\/vyrobny-program\/\">+ Read More<\/a><\/p>","protected":false},"author":1,"featured_media":0,"parent":0,"menu_order":0,"comment_status":"closed","ping_status":"closed","template":"templates\/page-fullwidth_template.php","meta":{"footnotes":""},"class_list":["post-4840","page","type-page","status-publish","hentry"],"_links":{"self":[{"href":"https:\/\/www.kmnslovakia.eu\/en\/wp-json\/wp\/v2\/pages\/4840","targetHints":{"allow":["GET"]}}],"collection":[{"href":"https:\/\/www.kmnslovakia.eu\/en\/wp-json\/wp\/v2\/pages"}],"about":[{"href":"https:\/\/www.kmnslovakia.eu\/en\/wp-json\/wp\/v2\/types\/page"}],"author":[{"embeddable":true,"href":"https:\/\/www.kmnslovakia.eu\/en\/wp-json\/wp\/v2\/users\/1"}],"replies":[{"embeddable":true,"href":"https:\/\/www.kmnslovakia.eu\/en\/wp-json\/wp\/v2\/comments?post=4840"}],"version-history":[{"count":15,"href":"https:\/\/www.kmnslovakia.eu\/en\/wp-json\/wp\/v2\/pages\/4840\/revisions"}],"predecessor-version":[{"id":5197,"href":"https:\/\/www.kmnslovakia.eu\/en\/wp-json\/wp\/v2\/pages\/4840\/revisions\/5197"}],"wp:attachment":[{"href":"https:\/\/www.kmnslovakia.eu\/en\/wp-json\/wp\/v2\/media?parent=4840"}],"curies":[{"name":"wp","href":"https:\/\/api.w.org\/{rel}","templated":true}]}}