{"id":4846,"date":"2020-01-10T21:34:50","date_gmt":"2020-01-10T20:34:50","guid":{"rendered":"http:\/\/www.kmnslovakia.eu\/?page_id=4846"},"modified":"2020-01-15T22:17:05","modified_gmt":"2020-01-15T21:17:05","slug":"ochrana-osobnych-udajov","status":"publish","type":"page","link":"https:\/\/www.kmnslovakia.eu\/en\/ochrana-osobnych-udajov\/","title":{"rendered":"Z\u00c1SADY OCHRANY OSOBN\u00ddCH \u00daDAJOV"},"content":{"rendered":"<ul class=\"wp-block-list\"><li>Spolo\u010dnos\u0165  KMN &#8211; SLOVAKIA INTERNATIONAL, s.r.o., Duklianska 17, 08501 Bardejov, I\u010cO:  31 726 216 , DI\u010c:  2020510008 , I\u010c DPH: SK 2020510008 , ktor\u00e1 prev\u00e1dzkuje str\u00e1nku www.kmnslovakia.eu (\u010falej len ako \u201espr\u00e1vca\u201c), prehlasuje, ako sprac\u00fava Va\u0161e osobn\u00e9 \u00fadaje v s\u00falade s nariaden\u00edm Eur\u00f3pskeho parlamentu a Rady (E\u00da) 2016\/679 o ochrane fyzick\u00fdch os\u00f4b pri sprac\u00favan\u00ed osobn\u00fdch \u00fadajov a o vo\u013enom pohybe tak\u00fdchto \u00fadajov, ktor\u00fdm sa zru\u0161uje smernica 95\/46\/ES (\u010falej len ako \u201eGDPR\u201c).<\/li><li>Pre\u010d\u00edtajte si tie\u017e &#8211;\u00a0<a href=\"http:\/\/www.slivtour.sk\/?flag=cookies\">Z\u00e1sady pou\u017e\u00edvania cookies<\/a><\/li><li>Va\u0161e pr\u00e1vo na s\u00fakromie je re\u0161pektovan\u00e9 a prvorad\u00e9. V z\u00e1ujme transparentnosti ni\u017e\u0161ie uveden\u00e9 z\u00e1sady poskytuj\u00fa podrobn\u00e9 inform\u00e1cie o tom, ak\u00e9 osobn\u00e9 \u00fadaje sprac\u00favame, za ak\u00fdm \u00fa\u010delom, na ak\u00fa dobu, komu ich poskytujeme, a ak\u00fdmi pr\u00e1vami disponujete.<\/li><\/ul>\n\n\n\n<h4 class=\"wp-block-heading\">Ochrana osobn\u00fdch \u00fadajov je pre n\u00e1s prioritn\u00e1.<\/h4>\n\n\n\n<ul class=\"wp-block-list\"><li>Va\u0161a d\u00f4vera je pre n\u00e1s d\u00f4le\u017eit\u00e1. Re\u0161pektujeme Va\u0161u kontrolu nad poskytovan\u00fdmi osobn\u00fdmi \u00fadajmi a digit\u00e1lnym obsahom a je na\u0161ou prioritou zabr\u00e1ni\u0165 ka\u017ed\u00e9mu neopr\u00e1vnen\u00e9mu pr\u00edstupu k nim. Kedyko\u013evek V\u00e1s po\u017eiadame o inform\u00e1cie, potrebujeme ich. O nadbyto\u010dn\u00fd zber osobn\u00fdch \u00fadajov ne\u017eiadame. Pre overenie V\u00e1\u0161ho e-mailu vyu\u017e\u00edvame funkciu double opt-in.<br><br><\/li><\/ul>\n\n\n\n<h4 class=\"wp-block-heading\">Ak\u00e9 osobn\u00e9 \u00fadaje od V\u00e1s po\u017eadujeme?<\/h4>\n\n\n\n<ul class=\"wp-block-list\"><li>Zhroma\u017e\u010fujeme osobn\u00e9 \u00fadaje, ktor\u00e9 n\u00e1m poskytnete, ak si nie\u010do z na\u0161ej webovej str\u00e1nky objedn\u00e1te alebo sa na n\u00e1s obr\u00e1tite, pr\u00edpadne poskytnete hodnotenie n\u00e1kupu nebo tovaru. Osobn\u00e9 \u00fadaje, ktor\u00e9 n\u00e1m poskytnete, zah\u0155\u0148aj\u00fa povinn\u00e9 \u00fadaje: kontaktn\u00e9 inform\u00e1cie v rozsahu meno, priezvisko, adresu na doru\u010denie, e-mail a platobn\u00e9 \u00fadaje. Bez uvedenia povinn\u00fdch \u00fadajov u n\u00e1s nem\u00f4\u017eete nakupova\u0165. Taktie\u017e n\u00e1m dobrovo\u013ene n\u00e1m poskytujete osobn\u00e9 \u00fadaje v\u0161ade tam, kde si od V\u00e1s \u017eiadame udelenie s\u00fahlasu, napr. pri registr\u00e1cii, recenzii a pod.<\/li><\/ul>\n\n\n\n<ul class=\"wp-block-list\"><li>Pou\u017e\u00edvan\u00edm str\u00e1nok prev\u00e1dzkovan\u00fdch spolo\u010dnos\u0165ou KMN SLOVAKIA International s.r.o., vyjadrujete s\u00fahlas s pou\u017eit\u00edm cookies v s\u00falade s nastaven\u00edm V\u00e1\u0161ho internetov\u00e9ho prehliada\u010da. Ak nav\u0161t\u00edvite na\u0161u webov\u00fa str\u00e1nku a v prehliada\u010di m\u00e1te povolen\u00e9 prij\u00edmanie s\u00faborov cookies a nevykon\u00e1te zmenu v nastaveniach V\u00e1\u0161ho internetov\u00e9ho prehliada\u010da, pri\u010dom na\u010falej pokra\u010dujete v n\u00e1v\u0161teve na\u0161ej webovej str\u00e1nky, pova\u017eujeme to za prijatie na\u0161ich podmienok s pou\u017e\u00edvan\u00edm s\u00faborov cookies.<\/li><li>Na\u0161a spolo\u010dnos\u0165 pou\u017e\u00edva cookies s cie\u013eom skvalit\u0148ovania a prisp\u00f4sobenia slu\u017eieb Va\u0161im z\u00e1ujmom, pri\u010dom t\u00fdmto pracujeme na zlep\u0161en\u00ed \u0161trukt\u00fary a obsahu webovej str\u00e1nky. Nepou\u017e\u00edvame z\u00edskan\u00e9 cookies na ak\u00e9ko\u013evek kontaktovanie na\u0161ich z\u00e1kazn\u00edkov.<\/li><\/ul>\n\n\n\n<h4 class=\"wp-block-heading\">Chcete zmeni\u0165 Va\u0161e nastavenia cookies?<\/h4>\n\n\n\n<ul class=\"wp-block-list\"><li>V\u00e4\u010d\u0161ina internetov\u00fdch prehliada\u010dov je automaticky nastaven\u00e1 na akceptovanie cookies. Toto nastavenie m\u00f4\u017eete zmeni\u0165 zablokovan\u00edm cookies alebo upozornen\u00edm v pr\u00edpade, \u017ee sa maj\u00fa cookies posla\u0165 do V\u00e1\u0161ho zariadenia. In\u0161trukcie na zmenu cookies n\u00e1jdete vo vo\u013ebe \u201e pomoc\u201c ka\u017ed\u00e9ho prehliada\u010da. Ak pou\u017e\u00edvate rozli\u010dn\u00e9 zariadenia na pr\u00edstup k webov\u00fdm str\u00e1nkam, odpor\u00fa\u010dame zmeni\u0165 nastavenia pre ka\u017ed\u00fd prehliada\u010d na ka\u017edom zariaden\u00ed.<\/li><\/ul>\n\n\n\n<h4 class=\"wp-block-heading\">Pre\u010do si ponecha\u0165 nastavenie cookies?<\/h4>\n\n\n\n<ul class=\"wp-block-list\"><li>Pou\u017e\u00edvanie cookies a ich povolenie vo webovom prehliada\u010di je na Va\u0161om rozhodnut\u00ed. V pr\u00edpade zmeny ich nastavenia v\u0161ak m\u00f4\u017ee ma\u0165 na\u0161a webov\u00e1 str\u00e1nka obmedzen\u00fa funk\u010dnos\u0165 a zn\u00ed\u017een\u00fd u\u017e\u00edvate\u013esk\u00fd komfort.<\/li><\/ul>\n    <!-- sktbuilder starter --><script type=\"text\/javascript\" src=\"https:\/\/www.kmnslovakia.eu\/wp-content\/plugins\/skt-builder\/sktbuilder\/sktbuilder-frontend-starter.js\"><\/script><script type=\"text\/javascript\" src=\"https:\/\/www.kmnslovakia.eu\/wp-content\/plugins\/skt-builder\/sktbuilder-wordpress-driver.js\"><\/script><script type=\"text\/javascript\"> var starter = new SktbuilderStarter({\"mode\": \"prod\", \"skip\":[\"jquery\",\"underscore\",\"backbone\"],\"sktbuilderUrl\": \"https:\/\/www.kmnslovakia.eu\/wp-content\/plugins\/skt-builder\/sktbuilder\/\", \"driver\": new SktbuilderWordpressDriver({\"ajaxUrl\": \"https:\/\/www.kmnslovakia.eu\/wp-admin\/admin-ajax.php\", \"iframeUrl\": \"https:\/\/www.kmnslovakia.eu\/en\/ochrana-osobnych-udajov\/?sktbuilder=true\", \"pageId\": 4846, \"pages\": [{\"title\":\"No title\",\"url\":\"https:\\\/\\\/www.kmnslovakia.eu\\\/wp-admin\\\/post.php?post=4815&action=sktbuilder\"},{\"title\":\"Profil spolo\\u010dnosti\",\"url\":\"https:\\\/\\\/www.kmnslovakia.eu\\\/wp-admin\\\/post.php?post=4838&action=sktbuilder\"},{\"title\":\"V\\u00fdrobn\\u00fd program\",\"url\":\"https:\\\/\\\/www.kmnslovakia.eu\\\/wp-admin\\\/post.php?post=4840&action=sktbuilder\"},{\"title\":\"Referencie\",\"url\":\"https:\\\/\\\/www.kmnslovakia.eu\\\/wp-admin\\\/post.php?post=4842&action=sktbuilder\"},{\"title\":\"Kontakty\",\"url\":\"https:\\\/\\\/www.kmnslovakia.eu\\\/wp-admin\\\/post.php?post=4844&action=sktbuilder\"}], \"page\": \"Z\u00c1SADY OCHRANY OSOBN\u00ddCH \u00daDAJOV\" }) });<\/script><!-- end sktbuilder starter -->","protected":false},"excerpt":{"rendered":"<p>Spolo\u010dnos\u0165 KMN &#8211; SLOVAKIA INTERNATIONAL, s.r.o., Duklianska 17, 08501 Bardejov, I\u010cO: 31 726 216 , DI\u010c: 2020510008 , I\u010c DPH: SK 2020510008 , ktor\u00e1 prev\u00e1dzkuje str\u00e1nku www.kmnslovakia.eu (\u010falej len ako \u201espr\u00e1vca\u201c), prehlasuje, ako sprac\u00fava Va\u0161e osobn\u00e9 \u00fadaje v s\u00falade s nariaden\u00edm Eur\u00f3pskeho parlamentu a Rady (E\u00da) 2016\/679 o ochrane fyzick\u00fdch os\u00f4b pri sprac\u00favan\u00ed osobn\u00fdch \u00fadajov<br \/><a class=\"moretag\" href=\"https:\/\/www.kmnslovakia.eu\/en\/ochrana-osobnych-udajov\/\">+ Read More<\/a><\/p>","protected":false},"author":1,"featured_media":0,"parent":0,"menu_order":0,"comment_status":"closed","ping_status":"closed","template":"","meta":{"footnotes":""},"class_list":["post-4846","page","type-page","status-publish","hentry"],"_links":{"self":[{"href":"https:\/\/www.kmnslovakia.eu\/en\/wp-json\/wp\/v2\/pages\/4846","targetHints":{"allow":["GET"]}}],"collection":[{"href":"https:\/\/www.kmnslovakia.eu\/en\/wp-json\/wp\/v2\/pages"}],"about":[{"href":"https:\/\/www.kmnslovakia.eu\/en\/wp-json\/wp\/v2\/types\/page"}],"author":[{"embeddable":true,"href":"https:\/\/www.kmnslovakia.eu\/en\/wp-json\/wp\/v2\/users\/1"}],"replies":[{"embeddable":true,"href":"https:\/\/www.kmnslovakia.eu\/en\/wp-json\/wp\/v2\/comments?post=4846"}],"version-history":[{"count":3,"href":"https:\/\/www.kmnslovakia.eu\/en\/wp-json\/wp\/v2\/pages\/4846\/revisions"}],"predecessor-version":[{"id":4887,"href":"https:\/\/www.kmnslovakia.eu\/en\/wp-json\/wp\/v2\/pages\/4846\/revisions\/4887"}],"wp:attachment":[{"href":"https:\/\/www.kmnslovakia.eu\/en\/wp-json\/wp\/v2\/media?parent=4846"}],"curies":[{"name":"wp","href":"https:\/\/api.w.org\/{rel}","templated":true}]}}