{"id":4848,"date":"2020-01-10T21:35:31","date_gmt":"2020-01-10T20:35:31","guid":{"rendered":"http:\/\/www.kmnslovakia.eu\/?page_id=4848"},"modified":"2020-01-16T09:07:22","modified_gmt":"2020-01-16T08:07:22","slug":"zasady-pouzivania-cookies","status":"publish","type":"page","link":"https:\/\/www.kmnslovakia.eu\/en\/zasady-pouzivania-cookies\/","title":{"rendered":"Principles of using \"cookies\""},"content":{"rendered":"<ul class=\"wp-block-list\"><li>V s\u00falade s \u00a7 55 ods. 5 z\u00e1kona \u010d. 351\/2011 Z. z. o elektronick\u00fdch komunik\u00e1ci\u00e1ch v znen\u00ed neskor\u0161\u00edch predpisov si V\u00e1s dovo\u013eujeme informova\u0165 o pou\u017e\u00edvan\u00ed cookies a upriami\u0165 va\u0161u pozornos\u0165 na mo\u017enos\u0165 zmeny nastavenia svojho internetov\u00e9ho prehliada\u010da pre pr\u00edpad, \u017ee V\u00e1m aktu\u00e1lne nastavenie vyu\u017e\u00edvania cookies nevyhovuje.<\/li><\/ul>\n\n\n\n<h2 class=\"wp-block-heading\">\u010co s\u00fa cookies?<\/h2>\n\n\n\n<ul class=\"wp-block-list\"><li>S\u00fabory cookies s\u00fa mal\u00e9 textov\u00e9 s\u00fabory, ktor\u00e9 m\u00f4\u017eu by\u0165 do internetov\u00e9ho prehliada\u010da odosielan\u00e9 pri n\u00e1v\u0161teve webov\u00fdch str\u00e1nok a ukladan\u00e9 do v\u00e1\u0161ho zariadenia (po\u010d\u00edta\u010da alebo do in\u00e9ho zariadenia s pr\u00edstupom na internet, ako napr. smartphone alebo tablet). S\u00fabory cookies sa ukladaj\u00fa do prie\u010dinka pre s\u00fabory V\u00e1\u0161ho internetov\u00e9ho prehliada\u010da. Cookies obvykle obsahuj\u00fa n\u00e1zov webovej str\u00e1nky, z ktorej poch\u00e1dzaj\u00fa a d\u00e1tum svojho vzniku. Pri \u010fal\u0161ej n\u00e1v\u0161teve str\u00e1nky webov\u00fd prehliada\u010d znovu na\u010d\u00edta s\u00fabory cookies a tieto inform\u00e1cie odo\u0161le sp\u00e4\u0165 webovej str\u00e1nke, ktor\u00e1 p\u00f4vodne cookies vytvorila. S\u00fabory cookies, ktor\u00e9 pou\u017e\u00edvame, nepo\u0161kodzuj\u00fa V\u00e1\u0161 po\u010d\u00edta\u010d.<br><br><\/li><\/ul>\n\n\n\n<h2 class=\"wp-block-heading\">Na na\u0161ich webov\u00fdch str\u00e1nkach pou\u017e\u00edvame nieko\u013eko typov cookies:<\/h2>\n\n\n\n<ul class=\"wp-block-list\"><li>Z\u00e1kladn\u00e9 s\u00fabory cookies &#8211; tvoria z\u00e1klad pre prev\u00e1dzku na\u0161ej webovej str\u00e1nky a umo\u017e\u0148uj\u00fa pou\u017e\u00edvanie z\u00e1kladn\u00fdch funkci\u00ed, ak\u00fdmi s\u00fa napr\u00edklad zabezpe\u010den\u00e9 oblasti alebo online platby. Z\u00e1kladn\u00fdmi cookies s\u00fa napr. zapam\u00e4tanie prihl\u00e1senia, umo\u017enenie pr\u00edstupu k zabezpe\u010den\u00fdm oblastiam bez nutnosti op\u00e4tovn\u00e9ho prihl\u00e1senia, predvyplnenie formul\u00e1rov a podobne. Bez t\u00fdchto cookies nem\u00f4\u017eeme poskytova\u0165 slu\u017eby, ktor\u00e9 tvoria z\u00e1klad na\u0161ej webovej str\u00e1nky. Pokia\u013e tieto cookies zak\u00e1\u017eete, nebudeme m\u00f4c\u0165 zaru\u010di\u0165 bezchybn\u00fd chod webovej str\u00e1nky.<\/li><li>Prev\u00e1dzkov\u00e9 s\u00fabory cookies &#8211; pomocou nich zhroma\u017e\u010fujeme \u0161tatistick\u00e9 inform\u00e1cie o tom, ako pou\u017e\u00edvate na\u0161u webov\u00fa str\u00e1nku. Tieto technick\u00e9 inform\u00e1cie n\u00e1m povedia, na ktor\u00e9 \u010dasti webovej str\u00e1nky ste klikli, ktor\u00fa str\u00e1nku ste nav\u0161t\u00edvili naposledy a podobne. Tieto cookies n\u00e1m sl\u00fa\u017eia na anal\u00fdzu a vylep\u0161ovanie na\u0161ej webovej str\u00e1nky z h\u013eadiska obsahu, v\u00fdkonu a dizajnu. Pokia\u013e tieto cookies zak\u00e1\u017eete, nem\u00f4\u017eeme v\u00e1m zaru\u010di\u0165 bezchybn\u00fd chod na\u0161ich str\u00e1nok.<\/li><li>S\u00fabory cookies tret\u00edch str\u00e1n \u2013 na na\u0161ej webovej str\u00e1nke sa nach\u00e1dzaj\u00fa prepojenia a integrovan\u00fd obsah z in\u00fdch webov\u00fdch str\u00e1nok, a preto m\u00f4\u017eu by\u0165 po\u010das pou\u017e\u00edvania na\u0161ich webov\u00fdch str\u00e1nok vytvoren\u00e9 s\u00fabory cookies, ktor\u00e9 nepodliehaj\u00fa kontrole prev\u00e1dzkovate\u013ea, spolo\u010dnosti  KMN \u2013 SLOVAKIA INTERNATIONAL, s.r.o. . Ide napr\u00edklad o pr\u00edpad, ak prezeran\u00e1 webov\u00e1 str\u00e1nka pou\u017e\u00edva n\u00e1stroj na anal\u00fdzu alebo marketingov\u00fa automatiz\u00e1ciu tretej strany (napr\u00edklad n\u00e1stroje spolo\u010dnost\u00ed Google) alebo zobrazuje obsah webov\u00fdch str\u00e1nok tretej strany, napr. YouTube alebo Facebook. To m\u00e1 za n\u00e1sledok prijatie s\u00faborov cookies od t\u00fdchto slu\u017eieb tret\u00edch str\u00e1n. Spolo\u010dnos\u0165  KMN \u2013 SLOVAKIA INTERNATIONAL, s.r.o.  nem\u00f4\u017ee ma\u0165 kontrolu nad ukladan\u00edm ani pr\u00edstupom k t\u00fdmto s\u00faborom cookies. Ak chcete vedie\u0165, ako tieto tretie strany pou\u017e\u00edvaj\u00fa s\u00fabory cookies, pre\u010d\u00edtajte si z\u00e1sady ochrany s\u00fakromia a z\u00e1sady pou\u017e\u00edvania s\u00faborov cookies t\u00fdchto slu\u017eieb tret\u00edch str\u00e1n.<\/li><\/ul>\n\n\n\n<ul class=\"wp-block-list\"><li>Pou\u017e\u00edvan\u00edm str\u00e1nok prev\u00e1dzkovan\u00fdch spolo\u010dnos\u0165ou  KMN \u2013 SLOVAKIA INTERNATIONAL, s.r.o. , vyjadrujete s\u00fahlas s pou\u017eit\u00edm cookies v s\u00falade s nastaven\u00edm V\u00e1\u0161ho internetov\u00e9ho prehliada\u010da. Ak nav\u0161t\u00edvite na\u0161u webov\u00fa str\u00e1nku a v prehliada\u010di m\u00e1te povolen\u00e9 prij\u00edmanie s\u00faborov cookies a nevykon\u00e1te zmenu v nastaveniach V\u00e1\u0161ho internetov\u00e9ho prehliada\u010da, pri\u010dom na\u010falej pokra\u010dujete v n\u00e1v\u0161teve na\u0161ej webovej str\u00e1nky, pova\u017eujeme to za prijatie na\u0161ich podmienok s pou\u017e\u00edvan\u00edm s\u00faborov cookies.<\/li><li>Na\u0161a spolo\u010dnos\u0165 pou\u017e\u00edva cookies s cie\u013eom skvalit\u0148ovania a prisp\u00f4sobenia slu\u017eieb Va\u0161im z\u00e1ujmom, pri\u010dom t\u00fdmto pracujeme na zlep\u0161en\u00ed \u0161trukt\u00fary a obsahu webovej str\u00e1nky. Nepou\u017e\u00edvame z\u00edskan\u00e9 cookies na ak\u00e9ko\u013evek kontaktovanie na\u0161ich z\u00e1kazn\u00edkov.<\/li><\/ul>\n\n\n\n<h2 class=\"wp-block-heading\">Chcete zmeni\u0165 Va\u0161e nastavenia cookies?<\/h2>\n\n\n\n<ul class=\"wp-block-list\"><li>V\u00e4\u010d\u0161ina internetov\u00fdch prehliada\u010dov je automaticky nastaven\u00e1 na akceptovanie cookies. Toto nastavenie m\u00f4\u017eete zmeni\u0165 zablokovan\u00edm cookies alebo upozornen\u00edm v pr\u00edpade, \u017ee sa maj\u00fa cookies posla\u0165 do V\u00e1\u0161ho zariadenia. In\u0161trukcie na zmenu cookies n\u00e1jdete vo vo\u013ebe \u201e pomoc\u201c ka\u017ed\u00e9ho prehliada\u010da. Ak pou\u017e\u00edvate rozli\u010dn\u00e9 zariadenia na pr\u00edstup k webov\u00fdm str\u00e1nkam, odpor\u00fa\u010dame zmeni\u0165 nastavenia pre ka\u017ed\u00fd prehliada\u010d na ka\u017edom zariaden\u00ed.<\/li><\/ul>\n\n\n\n<h2 class=\"wp-block-heading\">Pre\u010do si ponecha\u0165 nastavenie cookies?<\/h2>\n\n\n\n<ul class=\"wp-block-list\"><li>Pou\u017e\u00edvanie cookies a ich povolenie vo webovom prehliada\u010di je na Va\u0161om rozhodnut\u00ed. V pr\u00edpade zmeny ich nastavenia v\u0161ak m\u00f4\u017ee ma\u0165 na\u0161a webov\u00e1 str\u00e1nka obmedzen\u00fa funk\u010dnos\u0165 a zn\u00ed\u017een\u00fd u\u017e\u00edvate\u013esk\u00fd komfort.<\/li><\/ul>\n\n\n\n<p><\/p>\n    <!-- sktbuilder starter --><script type=\"text\/javascript\" src=\"https:\/\/www.kmnslovakia.eu\/wp-content\/plugins\/skt-builder\/sktbuilder\/sktbuilder-frontend-starter.js\"><\/script><script type=\"text\/javascript\" src=\"https:\/\/www.kmnslovakia.eu\/wp-content\/plugins\/skt-builder\/sktbuilder-wordpress-driver.js\"><\/script><script type=\"text\/javascript\"> var starter = new SktbuilderStarter({\"mode\": \"prod\", \"skip\":[\"jquery\",\"underscore\",\"backbone\"],\"sktbuilderUrl\": \"https:\/\/www.kmnslovakia.eu\/wp-content\/plugins\/skt-builder\/sktbuilder\/\", \"driver\": new SktbuilderWordpressDriver({\"ajaxUrl\": \"https:\/\/www.kmnslovakia.eu\/wp-admin\/admin-ajax.php\", \"iframeUrl\": \"https:\/\/www.kmnslovakia.eu\/en\/zasady-pouzivania-cookies\/?sktbuilder=true\", \"pageId\": 4848, \"pages\": [{\"title\":\"No title\",\"url\":\"https:\\\/\\\/www.kmnslovakia.eu\\\/wp-admin\\\/post.php?post=4815&action=sktbuilder\"},{\"title\":\"Profil spolo\\u010dnosti\",\"url\":\"https:\\\/\\\/www.kmnslovakia.eu\\\/wp-admin\\\/post.php?post=4838&action=sktbuilder\"},{\"title\":\"V\\u00fdrobn\\u00fd program\",\"url\":\"https:\\\/\\\/www.kmnslovakia.eu\\\/wp-admin\\\/post.php?post=4840&action=sktbuilder\"},{\"title\":\"Referencie\",\"url\":\"https:\\\/\\\/www.kmnslovakia.eu\\\/wp-admin\\\/post.php?post=4842&action=sktbuilder\"},{\"title\":\"Kontakty\",\"url\":\"https:\\\/\\\/www.kmnslovakia.eu\\\/wp-admin\\\/post.php?post=4844&action=sktbuilder\"}], \"page\": \"Z\u00e1sady pou\u017e\u00edvania \u201ecookies\u201c\" }) });<\/script><!-- end sktbuilder starter -->","protected":false},"excerpt":{"rendered":"<p>V s\u00falade s \u00a7 55 ods. 5 z\u00e1kona \u010d. 351\/2011 Z. z. o elektronick\u00fdch komunik\u00e1ci\u00e1ch v znen\u00ed neskor\u0161\u00edch predpisov si V\u00e1s dovo\u013eujeme informova\u0165 o pou\u017e\u00edvan\u00ed cookies a upriami\u0165 va\u0161u pozornos\u0165 na mo\u017enos\u0165 zmeny nastavenia svojho internetov\u00e9ho prehliada\u010da pre pr\u00edpad, \u017ee V\u00e1m aktu\u00e1lne nastavenie vyu\u017e\u00edvania cookies nevyhovuje. \u010co s\u00fa cookies? S\u00fabory cookies s\u00fa mal\u00e9 textov\u00e9 s\u00fabory,<br \/><a class=\"moretag\" href=\"https:\/\/www.kmnslovakia.eu\/en\/zasady-pouzivania-cookies\/\">+ Read More<\/a><\/p>","protected":false},"author":1,"featured_media":0,"parent":0,"menu_order":0,"comment_status":"closed","ping_status":"closed","template":"","meta":{"footnotes":""},"class_list":["post-4848","page","type-page","status-publish","hentry"],"_links":{"self":[{"href":"https:\/\/www.kmnslovakia.eu\/en\/wp-json\/wp\/v2\/pages\/4848","targetHints":{"allow":["GET"]}}],"collection":[{"href":"https:\/\/www.kmnslovakia.eu\/en\/wp-json\/wp\/v2\/pages"}],"about":[{"href":"https:\/\/www.kmnslovakia.eu\/en\/wp-json\/wp\/v2\/types\/page"}],"author":[{"embeddable":true,"href":"https:\/\/www.kmnslovakia.eu\/en\/wp-json\/wp\/v2\/users\/1"}],"replies":[{"embeddable":true,"href":"https:\/\/www.kmnslovakia.eu\/en\/wp-json\/wp\/v2\/comments?post=4848"}],"version-history":[{"count":3,"href":"https:\/\/www.kmnslovakia.eu\/en\/wp-json\/wp\/v2\/pages\/4848\/revisions"}],"predecessor-version":[{"id":4889,"href":"https:\/\/www.kmnslovakia.eu\/en\/wp-json\/wp\/v2\/pages\/4848\/revisions\/4889"}],"wp:attachment":[{"href":"https:\/\/www.kmnslovakia.eu\/en\/wp-json\/wp\/v2\/media?parent=4848"}],"curies":[{"name":"wp","href":"https:\/\/api.w.org\/{rel}","templated":true}]}}