{"id":4850,"date":"2020-01-10T21:35:49","date_gmt":"2020-01-10T20:35:49","guid":{"rendered":"http:\/\/www.kmnslovakia.eu\/?page_id=4850"},"modified":"2020-01-15T22:16:30","modified_gmt":"2020-01-15T21:16:30","slug":"podmienky-pouzivania-webu","status":"publish","type":"page","link":"https:\/\/www.kmnslovakia.eu\/en\/podmienky-pouzivania-webu\/","title":{"rendered":"Terms of use of the website"},"content":{"rendered":"<p>Pred pou\u017eit\u00edm internetovej str\u00e1nky www.kmnslovakia.eu si pre\u010d\u00edtajte nasledovn\u00e9 podmienky jej pou\u017e\u00edvania. Upozor\u0148ujeme, \u017ee spolo\u010dnos\u0165 KMN \u2013 SLOVAKIA INTERNATIONAL, s.r.o.,  Duklianska 17, 08501 Bardejov, I\u010cO: 31 726 216 , DI\u010c: 2020510008 , I\u010c DPH: SK 2020510008 , si vyhradzuje pr\u00e1vo na v\u0161etky aktualiz\u00e1cie tejto internetovej str\u00e1nky a podmienok jej pou\u017e\u00edvania, preto je vo vlastnom z\u00e1ujme pou\u017e\u00edvate\u013ea oboznamova\u0165 sa s aktu\u00e1lnymi inform\u00e1ciami a doplneniami. Pou\u017e\u00edvan\u00edm tejto internetovej str\u00e1nky sa zav\u00e4zujete dodr\u017eiava\u0165 v\u017edy aktu\u00e1lne podmienky pou\u017e\u00edvania internetovej str\u00e1nky. V pr\u00edpade, ak by ak\u00e1ko\u013evek zmena v podmienkach bola pre pou\u017e\u00edvate\u013ea neprijate\u013en\u00e1, ukon\u010dite pou\u017e\u00edvanie internetovej str\u00e1nky.<br>Vitajte na internetovej str\u00e1nke obchodnej spolo\u010dnosti  KMN \u2013 SLOVAKIA INTERNATIONAL, s.r.o.. Cie\u013eom tejto internetovej str\u00e1nky je poskytn\u00fa\u0165 pou\u017e\u00edvate\u013eom inform\u00e1cie o slu\u017eb\u00e1ch, ktor\u00e9 na\u0161a spolo\u010dnos\u0165 prev\u00e1dzkuje, ako aj poskytn\u00fa\u0165 pr\u00edstup k inform\u00e1ci\u00e1m o na\u0161ej spolo\u010dnosti. Pre potreby bezpe\u010dnosti pou\u017e\u00edvate\u013eov internetovej str\u00e1nky  www.kmnslovakia.eu , s\u00fa definovan\u00e9 tieto Podmienky pou\u017e\u00edvania.<br> Vyhl\u00e1senie o autorsk\u00fdch pr\u00e1vach:<br> V\u0161etky inform\u00e1cie, materi\u00e1ly, ich organiz\u00e1cia a dizajn, ktor\u00e9 s\u00fa uverejnen\u00e9 na internetovej str\u00e1nke www.slivtou.sk, podliehaj\u00fa ochrane pod\u013ea z\u00e1kona \u010d. 185\/2015 Z. z. Autorsk\u00fd z\u00e1kon. Inform\u00e1cie uverejnen\u00e9 na internetovej str\u00e1nke s\u00fa pou\u017eite\u013en\u00e9 v\u00fdhradne pre nekomer\u010dn\u00e9 \u00fa\u010dely. Je zak\u00e1zan\u00e9 ak\u00fdmko\u013evek sp\u00f4sobom meni\u0165, kop\u00edrova\u0165, verejne roz\u0161irova\u0165 a prezentova\u0165 alebo in\u00fdm sp\u00f4sobom obchodne, \u010di marketingovo vyu\u017e\u00edva\u0165 inform\u00e1cie, materi\u00e1ly, pr\u00edpadne ich \u010dasti z\u00edskan\u00e9 z tejto internetovej str\u00e1nky. Za ich neopr\u00e1vnen\u00e9 pou\u017eitie sa poklad\u00e1 aj ich umiestnenie alebo in\u00e9 vyu\u017eitie na \u010fal\u0161\u00edch webov\u00fdch lokalit\u00e1ch a po\u010d\u00edta\u010dov\u00fdch sie\u0165ach. Ak pou\u017e\u00edvate\u013e str\u00e1nky \u0161\u00edri \u00fadaje v tla\u010denej forme, hoci aj pre osobn\u00e9, nekomer\u010dn\u00e9 \u00fa\u010dely, je nevyhnutn\u00e9, aby predmetn\u00fd materi\u00e1l obsahoval upozornenie o autorsk\u00fdch pr\u00e1vach spolo\u010dnosti. Obchodn\u00e1 spolo\u010dnos\u0165 Branislav SLIVA \u2013 SLIVTOUR, vystupuj\u00faca ako nosite\u013e pr\u00e1va na dielo, si vyhradzuje pr\u00e1vo rozhodova\u0165 o vyu\u017e\u00edvan\u00ed a \u0161\u00edren\u00ed v\u0161etk\u00fdch \u00fadajov uverejnen\u00fdch na internetovej str\u00e1nke spolo\u010dnosti.<br> Za odkazy pou\u017eit\u00e9 na internetovej str\u00e1nke nenesie spolo\u010dnos\u0165 Branislav SLIVA \u2013 SLIVTOUR \u017eiadnu zodpovednos\u0165. Ak prostredn\u00edctvom odkazu pou\u017e\u00edvate\u013e otvor\u00ed in\u00fa prepojen\u00fa internetov\u00fa str\u00e1nku, ktor\u00e1 bude vy\u017eadova\u0165 jeho osobn\u00e9 \u00fadaje, zodpovednos\u0165 za v\u0161etky poskytnut\u00e9 \u00fadaje nesie pou\u017e\u00edvate\u013e, pod\u013ea podmienok danej internetovej str\u00e1nky.<br> Uverejnen\u00e9 materi\u00e1ly na internetovej str\u00e1nke spolo\u010dnosti s\u00fa poskytovan\u00e9 bez z\u00e1ruk ak\u00e9hoko\u013evek druhu. Na\u0161a spolo\u010dnos\u0165 vykon\u00e1va pravideln\u00e9 zmeny v r\u00e1mci poskytnutia \u010do najaktu\u00e1lnej\u0161\u00edch produktov. Spolo\u010dnos\u0165  KMN \u2013 SLOVAKIA INTERNATIONAL, s.r.o.,  nezodpoved\u00e1 za pr\u00edpadn\u00fa \u0161kodu, ktor\u00e1 by vznikla pou\u017e\u00edvate\u013eovi v s\u00favislosti s uveden\u00fdmi zmenami.<br> V\u0161etky pou\u017eit\u00e9 aplik\u00e1cie s\u00fa v s\u00falade so z\u00e1konom \u010d. 185\/2015 Z. z. Autorsk\u00fd z\u00e1kon.<br> Spolo\u010dnos\u0165  KMN \u2013 SLOVAKIA INTERNATIONAL, s.r.o.,  si vyhradzuje pr\u00e1vo na vykonanie zmien tejto internetovej str\u00e1nky.<\/p>\n    <!-- sktbuilder starter --><script type=\"text\/javascript\" src=\"https:\/\/www.kmnslovakia.eu\/wp-content\/plugins\/skt-builder\/sktbuilder\/sktbuilder-frontend-starter.js\"><\/script><script type=\"text\/javascript\" src=\"https:\/\/www.kmnslovakia.eu\/wp-content\/plugins\/skt-builder\/sktbuilder-wordpress-driver.js\"><\/script><script type=\"text\/javascript\"> var starter = new SktbuilderStarter({\"mode\": \"prod\", \"skip\":[\"jquery\",\"underscore\",\"backbone\"],\"sktbuilderUrl\": \"https:\/\/www.kmnslovakia.eu\/wp-content\/plugins\/skt-builder\/sktbuilder\/\", \"driver\": new SktbuilderWordpressDriver({\"ajaxUrl\": \"https:\/\/www.kmnslovakia.eu\/wp-admin\/admin-ajax.php\", \"iframeUrl\": \"https:\/\/www.kmnslovakia.eu\/en\/podmienky-pouzivania-webu\/?sktbuilder=true\", \"pageId\": 4850, \"pages\": [{\"title\":\"No title\",\"url\":\"https:\\\/\\\/www.kmnslovakia.eu\\\/wp-admin\\\/post.php?post=4815&action=sktbuilder\"},{\"title\":\"Profil spolo\\u010dnosti\",\"url\":\"https:\\\/\\\/www.kmnslovakia.eu\\\/wp-admin\\\/post.php?post=4838&action=sktbuilder\"},{\"title\":\"V\\u00fdrobn\\u00fd program\",\"url\":\"https:\\\/\\\/www.kmnslovakia.eu\\\/wp-admin\\\/post.php?post=4840&action=sktbuilder\"},{\"title\":\"Referencie\",\"url\":\"https:\\\/\\\/www.kmnslovakia.eu\\\/wp-admin\\\/post.php?post=4842&action=sktbuilder\"},{\"title\":\"Kontakty\",\"url\":\"https:\\\/\\\/www.kmnslovakia.eu\\\/wp-admin\\\/post.php?post=4844&action=sktbuilder\"}], \"page\": \"Podmienky pou\u017e\u00edvania webu\" }) });<\/script><!-- end sktbuilder starter -->","protected":false},"excerpt":{"rendered":"<p>Pred pou\u017eit\u00edm internetovej str\u00e1nky www.kmnslovakia.eu si pre\u010d\u00edtajte nasledovn\u00e9 podmienky jej pou\u017e\u00edvania. Upozor\u0148ujeme, \u017ee spolo\u010dnos\u0165 KMN \u2013 SLOVAKIA INTERNATIONAL, s.r.o., Duklianska 17, 08501 Bardejov, I\u010cO: 31 726 216 , DI\u010c: 2020510008 , I\u010c DPH: SK 2020510008 , si vyhradzuje pr\u00e1vo na v\u0161etky aktualiz\u00e1cie tejto internetovej str\u00e1nky a podmienok jej pou\u017e\u00edvania, preto je vo vlastnom z\u00e1ujme pou\u017e\u00edvate\u013ea<br \/><a class=\"moretag\" href=\"https:\/\/www.kmnslovakia.eu\/en\/podmienky-pouzivania-webu\/\">+ Read More<\/a><\/p>","protected":false},"author":1,"featured_media":0,"parent":0,"menu_order":0,"comment_status":"closed","ping_status":"closed","template":"","meta":{"footnotes":""},"class_list":["post-4850","page","type-page","status-publish","hentry"],"_links":{"self":[{"href":"https:\/\/www.kmnslovakia.eu\/en\/wp-json\/wp\/v2\/pages\/4850","targetHints":{"allow":["GET"]}}],"collection":[{"href":"https:\/\/www.kmnslovakia.eu\/en\/wp-json\/wp\/v2\/pages"}],"about":[{"href":"https:\/\/www.kmnslovakia.eu\/en\/wp-json\/wp\/v2\/types\/page"}],"author":[{"embeddable":true,"href":"https:\/\/www.kmnslovakia.eu\/en\/wp-json\/wp\/v2\/users\/1"}],"replies":[{"embeddable":true,"href":"https:\/\/www.kmnslovakia.eu\/en\/wp-json\/wp\/v2\/comments?post=4850"}],"version-history":[{"count":3,"href":"https:\/\/www.kmnslovakia.eu\/en\/wp-json\/wp\/v2\/pages\/4850\/revisions"}],"predecessor-version":[{"id":4886,"href":"https:\/\/www.kmnslovakia.eu\/en\/wp-json\/wp\/v2\/pages\/4850\/revisions\/4886"}],"wp:attachment":[{"href":"https:\/\/www.kmnslovakia.eu\/en\/wp-json\/wp\/v2\/media?parent=4850"}],"curies":[{"name":"wp","href":"https:\/\/api.w.org\/{rel}","templated":true}]}}