{"id":4861,"date":"2020-01-10T21:44:56","date_gmt":"2020-01-10T20:44:56","guid":{"rendered":"http:\/\/www.kmnslovakia.eu\/?page_id=4861"},"modified":"2020-03-02T11:01:33","modified_gmt":"2020-03-02T10:01:33","slug":"vyrobne-moznosti","status":"publish","type":"page","link":"https:\/\/www.kmnslovakia.eu\/en\/vyrobne-moznosti\/","title":{"rendered":"Machines and production equipment"},"content":{"rendered":"<div id=\"sktbuilder-text-block-1149\" class=\"sktbuilder-block sktbuilder-text\">\r\n    <div class=\"qb-container\">\r\n            <div class=\"sktbuilder-header\">\r\n                <div class=\"sktbuilder-header__description sktbuilder-text__description sktbuilder-header__description_color_black\">\r\n                   <p>We would like to present you the production park of our company, which we try to constantly expand and thus offer our clients a rich portfolio of products in the highest quality.<\/p><h3>MATERIAL SEPARATION<\/h3><ul><li>BOMAR 295\/90 \u00b0 saw, <strong>Count - 2 pcs<\/strong><\/li><\/ul><h3>LATHE MACHINES<\/h3><ul><li>type <strong>SN 50, SN55 \/ 2000<\/strong>, <strong>Count - 3 pcs<\/strong><\/li><li>accuracy range from 0,05 mm to 0,1 mm \u2022 roughing operations, cutting threads, finishing operations<\/li><\/ul><h3>CLASSIC MILLING MACHINES<\/h3><ul><li>type <strong>FA3V, FA5V, FGS50 \/ 63<\/strong>, <strong>Count - 5 pcs<\/strong><\/li><li>Maximal size of the table: 400 x 2000 mm<\/li><li>accuracy to: length 0,05 mm<\/li><li>perpendicular 0,04 mm<\/li><li>alignment 0,03 mm<\/li><\/ul><h3>CNC MILLING MACHINE<\/h3><ul><li>type <strong>CNC BT2000 Style<\/strong>, <strong>Count - 1 piece<\/strong><\/li><li>Maximal size of the work table: 600 x 2150 mm<\/li><li>X axis lift 2000 mm \u2022 Y axis lift 800 mm \u2022 Z axis lift 800 mm<\/li><li>Accuracy of placement in the X direction 0,006 mm<\/li><li>Accuracy of placement in the Y direction 0,006 mm<\/li><li>Accuracy of placement in the Z direction 0,006 mm<\/li><\/ul><h3>CNC MILLING MACHINE<\/h3><ul><li>type <strong>CNC Feeler VMP 30A<\/strong>, <strong>Count - 1 piece<\/strong><\/li><li>Maximal size of the work table: 890 x 420 mm<\/li><li>X axis lift 760 mm<\/li><li>Y axis lift 420 mm<\/li><li>Z axis lift 510 mm<\/li><\/ul><h3>DRILLING<\/h3><ul><li>type <strong>VO50<\/strong>, <strong>Count - 1 piece<\/strong><\/li><li>\u00d8 \u2264 50 mm<\/li><\/ul><h3>HORIZONTAL DRILLING<\/h3><ul><li>type <strong>WH80, W9A<\/strong>, <strong>Count - 2 pcs<\/strong><\/li><li>Drilling of horizontal boards <\/li><li>Maximal size of the work table: 1000 x 1000 mm<\/li><li>Accuracy: \u00b1 0,2 mm<\/li><\/ul><h3>WELDING<\/h3><ul><li>Welding machine CO2 - <strong>FORMIG<\/strong>, <strong>Count - 2 pcs<\/strong><\/li><\/ul><h3>SURFACE TREATMENT<\/h3><ul><li>painting in our factory<\/li><\/ul>\r\n                <\/div>\r\n            <\/div>\r\n    <\/div>\r\n<\/div>    <!-- sktbuilder starter --><script type=\"text\/javascript\" src=\"https:\/\/www.kmnslovakia.eu\/wp-content\/plugins\/skt-builder\/sktbuilder\/sktbuilder-frontend-starter.js\"><\/script><script type=\"text\/javascript\" src=\"https:\/\/www.kmnslovakia.eu\/wp-content\/plugins\/skt-builder\/sktbuilder-wordpress-driver.js\"><\/script><script type=\"text\/javascript\"> var starter = new SktbuilderStarter({\"mode\": \"prod\", \"skip\":[\"jquery\",\"underscore\",\"backbone\"],\"sktbuilderUrl\": \"https:\/\/www.kmnslovakia.eu\/wp-content\/plugins\/skt-builder\/sktbuilder\/\", \"driver\": new SktbuilderWordpressDriver({\"ajaxUrl\": \"https:\/\/www.kmnslovakia.eu\/wp-admin\/admin-ajax.php\", \"iframeUrl\": \"https:\/\/www.kmnslovakia.eu\/en\/vyrobne-moznosti\/?sktbuilder=true\", \"pageId\": 4861, \"pages\": [{\"title\":\"No title\",\"url\":\"https:\\\/\\\/www.kmnslovakia.eu\\\/wp-admin\\\/post.php?post=4815&action=sktbuilder\"},{\"title\":\"Profil spolo\\u010dnosti\",\"url\":\"https:\\\/\\\/www.kmnslovakia.eu\\\/wp-admin\\\/post.php?post=4838&action=sktbuilder\"},{\"title\":\"V\\u00fdrobn\\u00fd program\",\"url\":\"https:\\\/\\\/www.kmnslovakia.eu\\\/wp-admin\\\/post.php?post=4840&action=sktbuilder\"},{\"title\":\"Referencie\",\"url\":\"https:\\\/\\\/www.kmnslovakia.eu\\\/wp-admin\\\/post.php?post=4842&action=sktbuilder\"},{\"title\":\"Kontakty\",\"url\":\"https:\\\/\\\/www.kmnslovakia.eu\\\/wp-admin\\\/post.php?post=4844&action=sktbuilder\"}], \"page\": \"Stroje a v\u00fdrobn\u00e9 zariadenia\" }) });<\/script><!-- end sktbuilder starter -->","protected":false},"excerpt":{"rendered":"<p>Radi by sme V\u00e1m predstavili v\u00fdrobn\u00fd park na\u0161ej spolo\u010dnosti, ktor\u00fd sa sna\u017e\u00edme neust\u00e1le roz\u0161irova\u0165 a na\u0161im klientom tak pon\u00faka\u0165 bohat\u00e9 portf\u00f3lio produktov v tej najvy\u0161\u0161ej kvalite.DELENIE MATERI\u00c1LOVP\u00edla BOMAR&nbsp;295\/90 \u00b0, Po\u010det &#8211; 2 ksS\u00daSTRU\u017dN\u00cdCKE STROJEtyp SN 50, SN55 \/ 2000, Po\u010det &#8211; 3 ksrozsah presnosti od 0,05 mm do 0,1 mm \u2022 hrubovacie oper\u00e1cie, rezn\u00e9 nite,<br \/><a class=\"moretag\" href=\"https:\/\/www.kmnslovakia.eu\/en\/vyrobne-moznosti\/\">+ Read More<\/a><\/p>","protected":false},"author":1,"featured_media":0,"parent":0,"menu_order":0,"comment_status":"closed","ping_status":"closed","template":"templates\/page-fullwidth_template.php","meta":{"footnotes":""},"class_list":["post-4861","page","type-page","status-publish","hentry"],"_links":{"self":[{"href":"https:\/\/www.kmnslovakia.eu\/en\/wp-json\/wp\/v2\/pages\/4861","targetHints":{"allow":["GET"]}}],"collection":[{"href":"https:\/\/www.kmnslovakia.eu\/en\/wp-json\/wp\/v2\/pages"}],"about":[{"href":"https:\/\/www.kmnslovakia.eu\/en\/wp-json\/wp\/v2\/types\/page"}],"author":[{"embeddable":true,"href":"https:\/\/www.kmnslovakia.eu\/en\/wp-json\/wp\/v2\/users\/1"}],"replies":[{"embeddable":true,"href":"https:\/\/www.kmnslovakia.eu\/en\/wp-json\/wp\/v2\/comments?post=4861"}],"version-history":[{"count":9,"href":"https:\/\/www.kmnslovakia.eu\/en\/wp-json\/wp\/v2\/pages\/4861\/revisions"}],"predecessor-version":[{"id":5145,"href":"https:\/\/www.kmnslovakia.eu\/en\/wp-json\/wp\/v2\/pages\/4861\/revisions\/5145"}],"wp:attachment":[{"href":"https:\/\/www.kmnslovakia.eu\/en\/wp-json\/wp\/v2\/media?parent=4861"}],"curies":[{"name":"wp","href":"https:\/\/api.w.org\/{rel}","templated":true}]}}